{"id":283,"date":"2021-05-19T09:11:40","date_gmt":"2021-05-19T09:11:40","guid":{"rendered":"https:\/\/www.danishcultureturkiye.com\/?page_id=283"},"modified":"2023-01-25T10:39:42","modified_gmt":"2023-01-25T10:39:42","slug":"home","status":"publish","type":"page","link":"https:\/\/www.danishcultureturkiye.com\/tr\/","title":{"rendered":"Home"},"content":{"rendered":"","protected":false},"excerpt":{"rendered":"","protected":false},"author":12,"featured_media":0,"parent":0,"menu_order":10,"comment_status":"closed","ping_status":"closed","template":"templates\/template-home.php","meta":{"_acf_changed":false,"footnotes":""},"class_list":["post-283","page","type-page","status-publish","hentry"],"acf":[],"yoast_head":"<!-- This site is optimized with the Yoast SEO plugin v23.9 - https:\/\/yoast.com\/wordpress\/plugins\/seo\/ -->\n<title>Danish Cultural Institute T\u00fcrkiye | Danimarka K\u00fclt\u00fcr Enstit\u00fcs\u00fc<\/title>\n<meta name=\"description\" content=\"Danimarka K\u00fclt\u00fcr Enstit\u00fcs\u00fc T\u00fcrkiye, T\u00fcrkiye&#039;de \u00e7ocuklara, gen\u00e7lere ve toplumsal cinsiyet e\u015fitli\u011fine odaklanan k\u00fclt\u00fcrel projeler geli\u015ftirmektedir.\" \/>\n<meta name=\"robots\" content=\"index, follow, max-snippet:-1, max-image-preview:large, max-video-preview:-1\" \/>\n<link rel=\"canonical\" href=\"https:\/\/www.danishcultureturkiye.com\/tr\/\" \/>\n<meta property=\"og:locale\" content=\"tr_TR\" \/>\n<meta property=\"og:type\" content=\"article\" \/>\n<meta property=\"og:title\" content=\"Danish Cultural Institute T\u00fcrkiye | Danimarka K\u00fclt\u00fcr Enstit\u00fcs\u00fc\" \/>\n<meta property=\"og:description\" content=\"Danimarka K\u00fclt\u00fcr Enstit\u00fcs\u00fc T\u00fcrkiye, T\u00fcrkiye&#039;de \u00e7ocuklara, gen\u00e7lere ve toplumsal cinsiyet e\u015fitli\u011fine odaklanan k\u00fclt\u00fcrel projeler geli\u015ftirmektedir.\" \/>\n<meta property=\"og:url\" content=\"https:\/\/www.danishcultureturkiye.com\/tr\/\" \/>\n<meta property=\"article:modified_time\" content=\"2023-01-25T10:39:42+00:00\" \/>\n<meta name=\"twitter:card\" content=\"summary_large_image\" \/>\n<script type=\"application\/ld+json\" class=\"yoast-schema-graph\">{\"@context\":\"https:\/\/schema.org\",\"@graph\":[{\"@type\":\"WebPage\",\"@id\":\"https:\/\/www.danishcultureturkiye.com\/tr\/\",\"url\":\"https:\/\/www.danishcultureturkiye.com\/tr\/\",\"name\":\"Danish Cultural Institute T\u00fcrkiye | Danimarka K\u00fclt\u00fcr Enstit\u00fcs\u00fc\",\"isPartOf\":{\"@id\":\"https:\/\/www.danishcultureturkiye.com\/#website\"},\"datePublished\":\"2021-05-19T09:11:40+00:00\",\"dateModified\":\"2023-01-25T10:39:42+00:00\",\"description\":\"Danimarka K\u00fclt\u00fcr Enstit\u00fcs\u00fc T\u00fcrkiye, T\u00fcrkiye'de \u00e7ocuklara, gen\u00e7lere ve toplumsal cinsiyet e\u015fitli\u011fine odaklanan k\u00fclt\u00fcrel projeler geli\u015ftirmektedir.\",\"breadcrumb\":{\"@id\":\"https:\/\/www.danishcultureturkiye.com\/tr\/#breadcrumb\"},\"inLanguage\":\"tr\",\"potentialAction\":[{\"@type\":\"ReadAction\",\"target\":[\"https:\/\/www.danishcultureturkiye.com\/tr\/\"]}]},{\"@type\":\"BreadcrumbList\",\"@id\":\"https:\/\/www.danishcultureturkiye.com\/tr\/#breadcrumb\",\"itemListElement\":[{\"@type\":\"ListItem\",\"position\":1,\"name\":\"Home\",\"item\":\"https:\/\/www.danishcultureturkiye.com\/tr\/\"},{\"@type\":\"ListItem\",\"position\":2,\"name\":\"Home\"}]},{\"@type\":\"WebSite\",\"@id\":\"https:\/\/www.danishcultureturkiye.com\/#website\",\"url\":\"https:\/\/www.danishcultureturkiye.com\/\",\"name\":\"\",\"description\":\"We work for sharing knowledge on and sympathy for the values of the Danish society.\",\"potentialAction\":[{\"@type\":\"SearchAction\",\"target\":{\"@type\":\"EntryPoint\",\"urlTemplate\":\"https:\/\/www.danishcultureturkiye.com\/?s={search_term_string}\"},\"query-input\":{\"@type\":\"PropertyValueSpecification\",\"valueRequired\":true,\"valueName\":\"search_term_string\"}}],\"inLanguage\":\"tr\"}]}<\/script>\n<!-- \/ Yoast SEO plugin. -->","yoast_head_json":{"title":"Danish Cultural Institute T\u00fcrkiye | Danimarka K\u00fclt\u00fcr Enstit\u00fcs\u00fc","description":"Danimarka K\u00fclt\u00fcr Enstit\u00fcs\u00fc T\u00fcrkiye, T\u00fcrkiye'de \u00e7ocuklara, gen\u00e7lere ve toplumsal cinsiyet e\u015fitli\u011fine odaklanan k\u00fclt\u00fcrel projeler geli\u015ftirmektedir.","robots":{"index":"index","follow":"follow","max-snippet":"max-snippet:-1","max-image-preview":"max-image-preview:large","max-video-preview":"max-video-preview:-1"},"canonical":"https:\/\/www.danishcultureturkiye.com\/tr\/","og_locale":"tr_TR","og_type":"article","og_title":"Danish Cultural Institute T\u00fcrkiye | Danimarka K\u00fclt\u00fcr Enstit\u00fcs\u00fc","og_description":"Danimarka K\u00fclt\u00fcr Enstit\u00fcs\u00fc T\u00fcrkiye, T\u00fcrkiye'de \u00e7ocuklara, gen\u00e7lere ve toplumsal cinsiyet e\u015fitli\u011fine odaklanan k\u00fclt\u00fcrel projeler geli\u015ftirmektedir.","og_url":"https:\/\/www.danishcultureturkiye.com\/tr\/","article_modified_time":"2023-01-25T10:39:42+00:00","twitter_card":"summary_large_image","schema":{"@context":"https:\/\/schema.org","@graph":[{"@type":"WebPage","@id":"https:\/\/www.danishcultureturkiye.com\/tr\/","url":"https:\/\/www.danishcultureturkiye.com\/tr\/","name":"Danish Cultural Institute T\u00fcrkiye | Danimarka K\u00fclt\u00fcr Enstit\u00fcs\u00fc","isPartOf":{"@id":"https:\/\/www.danishcultureturkiye.com\/#website"},"datePublished":"2021-05-19T09:11:40+00:00","dateModified":"2023-01-25T10:39:42+00:00","description":"Danimarka K\u00fclt\u00fcr Enstit\u00fcs\u00fc T\u00fcrkiye, T\u00fcrkiye'de \u00e7ocuklara, gen\u00e7lere ve toplumsal cinsiyet e\u015fitli\u011fine odaklanan k\u00fclt\u00fcrel projeler geli\u015ftirmektedir.","breadcrumb":{"@id":"https:\/\/www.danishcultureturkiye.com\/tr\/#breadcrumb"},"inLanguage":"tr","potentialAction":[{"@type":"ReadAction","target":["https:\/\/www.danishcultureturkiye.com\/tr\/"]}]},{"@type":"BreadcrumbList","@id":"https:\/\/www.danishcultureturkiye.com\/tr\/#breadcrumb","itemListElement":[{"@type":"ListItem","position":1,"name":"Home","item":"https:\/\/www.danishcultureturkiye.com\/tr\/"},{"@type":"ListItem","position":2,"name":"Home"}]},{"@type":"WebSite","@id":"https:\/\/www.danishcultureturkiye.com\/#website","url":"https:\/\/www.danishcultureturkiye.com\/","name":"","description":"We work for sharing knowledge on and sympathy for the values of the Danish society.","potentialAction":[{"@type":"SearchAction","target":{"@type":"EntryPoint","urlTemplate":"https:\/\/www.danishcultureturkiye.com\/?s={search_term_string}"},"query-input":{"@type":"PropertyValueSpecification","valueRequired":true,"valueName":"search_term_string"}}],"inLanguage":"tr"}]}},"_links":{"self":[{"href":"https:\/\/www.danishcultureturkiye.com\/tr\/wp-json\/wp\/v2\/pages\/283","targetHints":{"allow":["GET"]}}],"collection":[{"href":"https:\/\/www.danishcultureturkiye.com\/tr\/wp-json\/wp\/v2\/pages"}],"about":[{"href":"https:\/\/www.danishcultureturkiye.com\/tr\/wp-json\/wp\/v2\/types\/page"}],"author":[{"embeddable":true,"href":"https:\/\/www.danishcultureturkiye.com\/tr\/wp-json\/wp\/v2\/users\/12"}],"replies":[{"embeddable":true,"href":"https:\/\/www.danishcultureturkiye.com\/tr\/wp-json\/wp\/v2\/comments?post=283"}],"version-history":[{"count":11,"href":"https:\/\/www.danishcultureturkiye.com\/tr\/wp-json\/wp\/v2\/pages\/283\/revisions"}],"predecessor-version":[{"id":1303,"href":"https:\/\/www.danishcultureturkiye.com\/tr\/wp-json\/wp\/v2\/pages\/283\/revisions\/1303"}],"wp:attachment":[{"href":"https:\/\/www.danishcultureturkiye.com\/tr\/wp-json\/wp\/v2\/media?parent=283"}],"curies":[{"name":"wp","href":"https:\/\/api.w.org\/{rel}","templated":true}]}}