{"id":327,"date":"2021-05-25T12:17:28","date_gmt":"2021-05-25T12:17:28","guid":{"rendered":"https:\/\/www.danishcultureturkiye.com\/?page_id=327"},"modified":"2023-01-09T15:06:24","modified_gmt":"2023-01-09T15:06:24","slug":"ne-yapiyoruz","status":"publish","type":"page","link":"https:\/\/www.danishcultureturkiye.com\/tr\/ne-yapiyoruz\/","title":{"rendered":"Ne yap\u0131yoruz"},"content":{"rendered":"<h4><span data-contrast=\"auto\">Danimarka K\u00fclt\u00fcr Enstit\u00fcs\u00fc T\u00fcrkiye&#8217;de Neler Yap\u0131yoruz?<\/span><span data-ccp-props=\"{}\">\u00a0<\/span><\/h4>\n<h5><span data-contrast=\"auto\">Kelimenin en geni\u015f anlam\u0131yla k\u00fclt\u00fcrle \u00e7al\u0131\u015f\u0131yoruz.<\/span><span data-ccp-props=\"{}\">\u00a0<\/span><\/h5>\n<p><span data-contrast=\"auto\">M\u00fczik, film, tiyatro, sanat, tasar\u0131m, edebiyat ve daha pek \u00e7ok alanda k\u00fclt\u00fcrel projeler ve etkinlikler yarat\u0131yor, birlikte \u00fcretiyor ve organize ediyoruz. Sanat ve k\u00fclt\u00fcr projelerinin de\u011fi\u015fim yaratmaya yard\u0131mc\u0131 olabilece\u011fi ve toplumsal zorluklar\u0131n \u00e7\u00f6z\u00fclmesine katk\u0131da bulunabilece\u011fi inanc\u0131n\u0131 g\u00fc\u00e7lendirmek i\u00e7in \u00e7al\u0131\u015f\u0131rken, temel odak noktam\u0131z sivil toplumda hak e\u015fitli\u011fini ve kapasite geli\u015fimini destekleyen projelerdir. Proje faaliyetlerimiz arac\u0131l\u0131\u011f\u0131yla, olumlu bir demokratik kalk\u0131nman\u0131n ger\u00e7ekle\u015fmesine yard\u0131mc\u0131 olmak i\u00e7in, \u00f6zellikle kad\u0131nlar\u0131n g\u00fc\u00e7lendirilmesini destekliyoruz ve \u00e7ocuklar ile gen\u00e7lere odaklan\u0131yoruz.<\/span><span data-ccp-props=\"{}\">\u00a0<\/span><\/p>\n<p><span data-ccp-props=\"{}\">\u00a0<\/span><\/p>\n<h5><span data-contrast=\"auto\">Tek ba\u015f\u0131m\u0131za hi\u00e7bir \u015fey yapm\u0131yoruz<\/span><span data-ccp-props=\"{}\">\u00a0<\/span><\/h5>\n<p><span data-contrast=\"auto\">T\u00fcrkiye&#8217;de Danimarkal\u0131 varl\u0131\u011f\u0131, \u00fclke; Ortado\u011fu, Asya ve Avrupa aras\u0131ndaki kesi\u015fim noktas\u0131nda yer ald\u0131\u011f\u0131ndan, sadece co\u011frafi olarak de\u011fil ayn\u0131 zamanda k\u00fclt\u00fcrel olarak da son derece \u00f6nemlidir. Danimarkal\u0131 ve T\u00fcrk k\u00fclt\u00fcrel ya\u015fam\u0131 aras\u0131nda daha canl\u0131 bir k\u00f6pr\u00fc kurma arzusuyla DCI, sivil toplumda k\u00fclt\u00fcrel etkile\u015fime olanak sa\u011flayan, b\u00f6lgesel a\u011f olu\u015fturmay\u0131 ve demokratik kurulu\u015flar aras\u0131ndaki deneyim al\u0131\u015fveri\u015fini kolayla\u015ft\u0131ran, stratejik ve odaklanm\u0131\u015f bir \u00e7aba ba\u015flatt\u0131. Bu nedenle, k\u00fclt\u00fcr al\u0131\u015fveri\u015fi ve k\u00fclt\u00fcrleraras\u0131 anlay\u0131\u015f olu\u015fturan bir vak\u0131f olarak T\u00fcrkiye&#8217;deki yerel ortaklar\u0131m\u0131zla s\u0131k s\u0131k yak\u0131n i\u015f birli\u011fi i\u00e7inde \u00e7al\u0131\u015f\u0131yoruz.<\/span><span data-ccp-props=\"{}\">\u00a0<\/span><\/p>\n<p><span data-ccp-props=\"{}\">\u00a0<\/span><\/p>\n<h5><span data-contrast=\"auto\">Bizimle \u00e7al\u0131\u015f\u0131n<\/span><span data-ccp-props=\"{}\">\u00a0<\/span><\/h5>\n<p><span data-contrast=\"auto\">Bizimle \u00e7al\u0131\u015fmak ve uluslararas\u0131 programlar\u0131m\u0131zdan biri olmak ister misiniz?<\/span><span data-ccp-props=\"{}\">\u00a0<\/span><\/p>\n<p><span data-contrast=\"auto\">Bizimle fe@danishculture.com adresi \u00fczerinden irtibata ge\u00e7ebilirsiniz.<\/span><span data-ccp-props=\"{}\">\u00a0<\/span><\/p>\n<p><span data-ccp-props=\"{}\">\u00a0<\/span><\/p>\n<h5><span data-contrast=\"auto\">Ortakl\u0131klar<\/span><span data-ccp-props=\"{}\">\u00a0<\/span><\/h5>\n<p><span data-contrast=\"auto\">Destekleri i\u00e7in ortaklar\u0131m\u0131za te\u015fekk\u00fcrler!<\/span><span data-ccp-props=\"{}\">\u00a0<\/span><\/p>\n<p><img loading=\"lazy\" decoding=\"async\" class=\"size-medium wp-image-263 alignleft\" src=\"https:\/\/www.danishcultureturkiye.com\/wp-content\/uploads\/2021\/04\/KUM_Logo_RGB_UK-300x97.png\" alt=\"\" width=\"300\" height=\"97\" srcset=\"https:\/\/www.danishcultureturkiye.com\/wp-content\/uploads\/2021\/04\/KUM_Logo_RGB_UK-300x97.png 300w, https:\/\/www.danishcultureturkiye.com\/wp-content\/uploads\/2021\/04\/KUM_Logo_RGB_UK-308x99.png 308w, https:\/\/www.danishcultureturkiye.com\/wp-content\/uploads\/2021\/04\/KUM_Logo_RGB_UK-214x69.png 214w, https:\/\/www.danishcultureturkiye.com\/wp-content\/uploads\/2021\/04\/KUM_Logo_RGB_UK-213x69.png 213w, https:\/\/www.danishcultureturkiye.com\/wp-content\/uploads\/2021\/04\/KUM_Logo_RGB_UK.png 658w\" sizes=\"auto, (max-width: 300px) 100vw, 300px\" \/><\/p>\n<p>&nbsp;<\/p>\n<p><img loading=\"lazy\" decoding=\"async\" class=\"size-medium wp-image-265 alignleft\" src=\"https:\/\/www.danishcultureturkiye.com\/wp-content\/uploads\/2021\/04\/3753-300x83.png\" alt=\"\" width=\"300\" height=\"83\" srcset=\"https:\/\/www.danishcultureturkiye.com\/wp-content\/uploads\/2021\/04\/3753-300x83.png 300w, https:\/\/www.danishcultureturkiye.com\/wp-content\/uploads\/2021\/04\/3753-308x85.png 308w, https:\/\/www.danishcultureturkiye.com\/wp-content\/uploads\/2021\/04\/3753-214x59.png 214w, https:\/\/www.danishcultureturkiye.com\/wp-content\/uploads\/2021\/04\/3753-213x59.png 213w, https:\/\/www.danishcultureturkiye.com\/wp-content\/uploads\/2021\/04\/3753.png 600w\" sizes=\"auto, (max-width: 300px) 100vw, 300px\" \/><\/p>\n<p><span data-ccp-props=\"{&quot;201341983&quot;:0,&quot;335559739&quot;:160,&quot;335559740&quot;:259}\">\u00a0<\/span><\/p>\n<p><span data-ccp-props=\"{&quot;201341983&quot;:0,&quot;335559739&quot;:160,&quot;335559740&quot;:259}\">\u00a0<\/span><\/p>\n<p>&nbsp;<\/p>\n","protected":false},"excerpt":{"rendered":"<p>Danimarka K\u00fclt\u00fcr Enstit\u00fcs\u00fc T\u00fcrkiye&#8217;de Neler Yap\u0131yoruz?\u00a0 Kelimenin en geni\u015f anlam\u0131yla k\u00fclt\u00fcrle \u00e7al\u0131\u015f\u0131yoruz.\u00a0 M\u00fczik, film, tiyatro, sanat, tasar\u0131m, edebiyat ve daha pek \u00e7ok alanda k\u00fclt\u00fcrel projeler ve etkinlikler yarat\u0131yor, birlikte \u00fcretiyor ve organize ediyoruz. Sanat ve k\u00fclt\u00fcr projelerinin de\u011fi\u015fim yaratmaya yard\u0131mc\u0131 olabilece\u011fi ve toplumsal zorluklar\u0131n \u00e7\u00f6z\u00fclmesine katk\u0131da bulunabilece\u011fi inanc\u0131n\u0131 g\u00fc\u00e7lendirmek i\u00e7in \u00e7al\u0131\u015f\u0131rken, temel odak noktam\u0131z sivil [&hellip;]<\/p>\n","protected":false},"author":3,"featured_media":0,"parent":0,"menu_order":22,"comment_status":"closed","ping_status":"closed","template":"templates\/template-whatwedo.php","meta":{"_acf_changed":false,"footnotes":""},"class_list":["post-327","page","type-page","status-publish","hentry"],"acf":[],"yoast_head":"<!-- This site is optimized with the Yoast SEO plugin v23.9 - https:\/\/yoast.com\/wordpress\/plugins\/seo\/ -->\n<title>Ne yap\u0131yoruz -<\/title>\n<meta name=\"robots\" content=\"index, follow, max-snippet:-1, max-image-preview:large, max-video-preview:-1\" \/>\n<link rel=\"canonical\" href=\"https:\/\/www.danishcultureturkiye.com\/what-we-do\/\" \/>\n<meta property=\"og:locale\" content=\"tr_TR\" \/>\n<meta property=\"og:type\" content=\"article\" \/>\n<meta property=\"og:title\" content=\"Ne yap\u0131yoruz -\" \/>\n<meta property=\"og:description\" content=\"Danimarka K\u00fclt\u00fcr Enstit\u00fcs\u00fc T\u00fcrkiye&#8217;de Neler Yap\u0131yoruz?\u00a0 Kelimenin en geni\u015f anlam\u0131yla k\u00fclt\u00fcrle \u00e7al\u0131\u015f\u0131yoruz.\u00a0 M\u00fczik, film, tiyatro, sanat, tasar\u0131m, edebiyat ve daha pek \u00e7ok alanda k\u00fclt\u00fcrel projeler ve etkinlikler yarat\u0131yor, birlikte \u00fcretiyor ve organize ediyoruz. Sanat ve k\u00fclt\u00fcr projelerinin de\u011fi\u015fim yaratmaya yard\u0131mc\u0131 olabilece\u011fi ve toplumsal zorluklar\u0131n \u00e7\u00f6z\u00fclmesine katk\u0131da bulunabilece\u011fi inanc\u0131n\u0131 g\u00fc\u00e7lendirmek i\u00e7in \u00e7al\u0131\u015f\u0131rken, temel odak noktam\u0131z sivil [&hellip;]\" \/>\n<meta property=\"og:url\" content=\"https:\/\/www.danishcultureturkiye.com\/what-we-do\/\" \/>\n<meta property=\"article:modified_time\" content=\"2023-01-09T15:06:24+00:00\" \/>\n<meta property=\"og:image\" content=\"https:\/\/www.danishcultureturkiye.com\/wp-content\/uploads\/2021\/04\/KUM_Logo_RGB_UK.png\" \/>\n\t<meta property=\"og:image:width\" content=\"658\" \/>\n\t<meta property=\"og:image:height\" content=\"212\" \/>\n\t<meta property=\"og:image:type\" content=\"image\/png\" \/>\n<meta name=\"twitter:card\" content=\"summary_large_image\" \/>\n<meta name=\"twitter:label1\" content=\"Est. reading time\" \/>\n\t<meta name=\"twitter:data1\" content=\"2 dakika\" \/>\n<script type=\"application\/ld+json\" class=\"yoast-schema-graph\">{\"@context\":\"https:\/\/schema.org\",\"@graph\":[{\"@type\":\"WebPage\",\"@id\":\"https:\/\/www.danishcultureturkiye.com\/what-we-do\/\",\"url\":\"https:\/\/www.danishcultureturkiye.com\/what-we-do\/\",\"name\":\"Ne yap\u0131yoruz -\",\"isPartOf\":{\"@id\":\"https:\/\/www.danishcultureturkiye.com\/#website\"},\"primaryImageOfPage\":{\"@id\":\"https:\/\/www.danishcultureturkiye.com\/what-we-do\/#primaryimage\"},\"image\":{\"@id\":\"https:\/\/www.danishcultureturkiye.com\/what-we-do\/#primaryimage\"},\"thumbnailUrl\":\"https:\/\/www.danishcultureturkiye.com\/wp-content\/uploads\/2021\/04\/KUM_Logo_RGB_UK-300x97.png\",\"datePublished\":\"2021-05-25T12:17:28+00:00\",\"dateModified\":\"2023-01-09T15:06:24+00:00\",\"breadcrumb\":{\"@id\":\"https:\/\/www.danishcultureturkiye.com\/what-we-do\/#breadcrumb\"},\"inLanguage\":\"tr\",\"potentialAction\":[{\"@type\":\"ReadAction\",\"target\":[\"https:\/\/www.danishcultureturkiye.com\/what-we-do\/\"]}]},{\"@type\":\"ImageObject\",\"inLanguage\":\"tr\",\"@id\":\"https:\/\/www.danishcultureturkiye.com\/what-we-do\/#primaryimage\",\"url\":\"https:\/\/www.danishcultureturkiye.com\/wp-content\/uploads\/2021\/04\/KUM_Logo_RGB_UK-300x97.png\",\"contentUrl\":\"https:\/\/www.danishcultureturkiye.com\/wp-content\/uploads\/2021\/04\/KUM_Logo_RGB_UK-300x97.png\"},{\"@type\":\"BreadcrumbList\",\"@id\":\"https:\/\/www.danishcultureturkiye.com\/what-we-do\/#breadcrumb\",\"itemListElement\":[{\"@type\":\"ListItem\",\"position\":1,\"name\":\"Home\",\"item\":\"https:\/\/www.danishcultureturkiye.com\/tr\/\"},{\"@type\":\"ListItem\",\"position\":2,\"name\":\"Ne yap\u0131yoruz\"}]},{\"@type\":\"WebSite\",\"@id\":\"https:\/\/www.danishcultureturkiye.com\/#website\",\"url\":\"https:\/\/www.danishcultureturkiye.com\/\",\"name\":\"\",\"description\":\"We work for sharing knowledge on and sympathy for the values of the Danish society.\",\"potentialAction\":[{\"@type\":\"SearchAction\",\"target\":{\"@type\":\"EntryPoint\",\"urlTemplate\":\"https:\/\/www.danishcultureturkiye.com\/?s={search_term_string}\"},\"query-input\":{\"@type\":\"PropertyValueSpecification\",\"valueRequired\":true,\"valueName\":\"search_term_string\"}}],\"inLanguage\":\"tr\"}]}<\/script>\n<!-- \/ Yoast SEO plugin. -->","yoast_head_json":{"title":"Ne yap\u0131yoruz -","robots":{"index":"index","follow":"follow","max-snippet":"max-snippet:-1","max-image-preview":"max-image-preview:large","max-video-preview":"max-video-preview:-1"},"canonical":"https:\/\/www.danishcultureturkiye.com\/what-we-do\/","og_locale":"tr_TR","og_type":"article","og_title":"Ne yap\u0131yoruz -","og_description":"Danimarka K\u00fclt\u00fcr Enstit\u00fcs\u00fc T\u00fcrkiye&#8217;de Neler Yap\u0131yoruz?\u00a0 Kelimenin en geni\u015f anlam\u0131yla k\u00fclt\u00fcrle \u00e7al\u0131\u015f\u0131yoruz.\u00a0 M\u00fczik, film, tiyatro, sanat, tasar\u0131m, edebiyat ve daha pek \u00e7ok alanda k\u00fclt\u00fcrel projeler ve etkinlikler yarat\u0131yor, birlikte \u00fcretiyor ve organize ediyoruz. Sanat ve k\u00fclt\u00fcr projelerinin de\u011fi\u015fim yaratmaya yard\u0131mc\u0131 olabilece\u011fi ve toplumsal zorluklar\u0131n \u00e7\u00f6z\u00fclmesine katk\u0131da bulunabilece\u011fi inanc\u0131n\u0131 g\u00fc\u00e7lendirmek i\u00e7in \u00e7al\u0131\u015f\u0131rken, temel odak noktam\u0131z sivil [&hellip;]","og_url":"https:\/\/www.danishcultureturkiye.com\/what-we-do\/","article_modified_time":"2023-01-09T15:06:24+00:00","og_image":[{"width":658,"height":212,"url":"https:\/\/www.danishcultureturkiye.com\/wp-content\/uploads\/2021\/04\/KUM_Logo_RGB_UK.png","type":"image\/png"}],"twitter_card":"summary_large_image","twitter_misc":{"Est. reading time":"2 dakika"},"schema":{"@context":"https:\/\/schema.org","@graph":[{"@type":"WebPage","@id":"https:\/\/www.danishcultureturkiye.com\/what-we-do\/","url":"https:\/\/www.danishcultureturkiye.com\/what-we-do\/","name":"Ne yap\u0131yoruz -","isPartOf":{"@id":"https:\/\/www.danishcultureturkiye.com\/#website"},"primaryImageOfPage":{"@id":"https:\/\/www.danishcultureturkiye.com\/what-we-do\/#primaryimage"},"image":{"@id":"https:\/\/www.danishcultureturkiye.com\/what-we-do\/#primaryimage"},"thumbnailUrl":"https:\/\/www.danishcultureturkiye.com\/wp-content\/uploads\/2021\/04\/KUM_Logo_RGB_UK-300x97.png","datePublished":"2021-05-25T12:17:28+00:00","dateModified":"2023-01-09T15:06:24+00:00","breadcrumb":{"@id":"https:\/\/www.danishcultureturkiye.com\/what-we-do\/#breadcrumb"},"inLanguage":"tr","potentialAction":[{"@type":"ReadAction","target":["https:\/\/www.danishcultureturkiye.com\/what-we-do\/"]}]},{"@type":"ImageObject","inLanguage":"tr","@id":"https:\/\/www.danishcultureturkiye.com\/what-we-do\/#primaryimage","url":"https:\/\/www.danishcultureturkiye.com\/wp-content\/uploads\/2021\/04\/KUM_Logo_RGB_UK-300x97.png","contentUrl":"https:\/\/www.danishcultureturkiye.com\/wp-content\/uploads\/2021\/04\/KUM_Logo_RGB_UK-300x97.png"},{"@type":"BreadcrumbList","@id":"https:\/\/www.danishcultureturkiye.com\/what-we-do\/#breadcrumb","itemListElement":[{"@type":"ListItem","position":1,"name":"Home","item":"https:\/\/www.danishcultureturkiye.com\/tr\/"},{"@type":"ListItem","position":2,"name":"Ne yap\u0131yoruz"}]},{"@type":"WebSite","@id":"https:\/\/www.danishcultureturkiye.com\/#website","url":"https:\/\/www.danishcultureturkiye.com\/","name":"","description":"We work for sharing knowledge on and sympathy for the values of the Danish society.","potentialAction":[{"@type":"SearchAction","target":{"@type":"EntryPoint","urlTemplate":"https:\/\/www.danishcultureturkiye.com\/?s={search_term_string}"},"query-input":{"@type":"PropertyValueSpecification","valueRequired":true,"valueName":"search_term_string"}}],"inLanguage":"tr"}]}},"_links":{"self":[{"href":"https:\/\/www.danishcultureturkiye.com\/tr\/wp-json\/wp\/v2\/pages\/327","targetHints":{"allow":["GET"]}}],"collection":[{"href":"https:\/\/www.danishcultureturkiye.com\/tr\/wp-json\/wp\/v2\/pages"}],"about":[{"href":"https:\/\/www.danishcultureturkiye.com\/tr\/wp-json\/wp\/v2\/types\/page"}],"author":[{"embeddable":true,"href":"https:\/\/www.danishcultureturkiye.com\/tr\/wp-json\/wp\/v2\/users\/3"}],"replies":[{"embeddable":true,"href":"https:\/\/www.danishcultureturkiye.com\/tr\/wp-json\/wp\/v2\/comments?post=327"}],"version-history":[{"count":4,"href":"https:\/\/www.danishcultureturkiye.com\/tr\/wp-json\/wp\/v2\/pages\/327\/revisions"}],"predecessor-version":[{"id":390,"href":"https:\/\/www.danishcultureturkiye.com\/tr\/wp-json\/wp\/v2\/pages\/327\/revisions\/390"}],"wp:attachment":[{"href":"https:\/\/www.danishcultureturkiye.com\/tr\/wp-json\/wp\/v2\/media?parent=327"}],"curies":[{"name":"wp","href":"https:\/\/api.w.org\/{rel}","templated":true}]}}