{"id":383,"date":"2021-06-16T10:53:28","date_gmt":"2021-06-16T10:53:28","guid":{"rendered":"https:\/\/www.danishcultureturkiye.com\/?page_id=383"},"modified":"2021-06-16T10:53:28","modified_gmt":"2021-06-16T10:53:28","slug":"billboard-istanbul","status":"publish","type":"page","link":"https:\/\/www.danishcultureturkiye.com\/tr\/gecmis-projeler\/billboard-istanbul\/","title":{"rendered":"BILLBOARD \u0130STANBUL"},"content":{"rendered":"<h4><span data-contrast=\"auto\">BILLBOARD \u0130STANBUL &#8211; 115 G\u00d6RSEL SANAT\u00c7I \u0130STANBUL SOKAKLARINDA \u0130Z BIRAKTI<\/span><span data-ccp-props=\"{}\">\u00a0<\/span><\/h4>\n<p><span data-contrast=\"auto\">6 \u2013 25 Ekim 2020, \u0130stanbul<\/span><span data-ccp-props=\"{}\">\u00a0<\/span><\/p>\n<p><span data-ccp-props=\"{}\">\u00a0<\/span><\/p>\n<p><span data-contrast=\"auto\">Danimarkal\u0131 g\u00f6rsel sanat\u00e7\u0131 Hanne Lise Thomsen ve T\u00fcrk tasar\u0131m ve ileti\u015fim platformu IN-BETWEEN ile ortakla\u015fa \u00e7al\u0131\u015fan Danimarka K\u00fclt\u00fcr Enstit\u00fcs\u00fc, BILLBOARD ISTANBUL 2020 sokak sanat\u0131 projesini T\u00fcrkiye&#8217;ye ta\u015f\u0131d\u0131. Proje kapsam\u0131nda 115 kad\u0131n sanat\u00e7\u0131n\u0131n; cinsiyet, kentsel mekan ve kimlik kavramlar\u0131na odaklanan yeni foto\u011frafik sanat eserleri, \u0130stanbul&#8217;un reklam panolar\u0131nda yer ald\u0131.<\/span><span data-ccp-props=\"{}\">\u00a0<\/span><\/p>\n<p><span data-ccp-props=\"{}\">\u00a0<\/span><\/p>\n<p><span data-contrast=\"auto\"><strong>Billboard Street Art 2020<\/strong>, metropol bir kent olan \u0130stanbul\u2019da ger\u00e7ekle\u015fen ve \u00fc\u00e7 hafta boyunca devam eden bir foto\u011fraf sergisiydi. T\u00fcrk, Fasl\u0131 ve \u0130skandinav kad\u0131n \u00e7a\u011fda\u015f sanat\u00e7\u0131lar\u0131n yan\u0131 s\u0131ra, Kopenhag&#8217;da bulunan Danimarka Kraliyet G\u00fczel Sanatlar Akademisi ve \u0130stanbul&#8217;da bulunan Mimar Sinan G\u00fczel Sanatlar \u00dcniversitesi&#8217;nden se\u00e7ilen k\u0131z \u00f6\u011frenciler, eserlerini \u0130stanbul&#8217;un d\u00f6rt bir yan\u0131na da\u011f\u0131lm\u0131\u015f b\u00fcy\u00fck reklam panolar\u0131nda sergilediler. BILLBOARD projesi, Danimarkal\u0131 g\u00f6rsel sanat\u00e7\u0131 Hanne Lise Thomsen taraf\u0131ndan kuruldu ve ilk kez 2003 y\u0131l\u0131nda Danimarka\u2019n\u0131n Kopenhag kentinde ve \u0130sve\u00e7\u2019in Malm\u00f6 kentinde ger\u00e7ekle\u015ftirildi. O g\u00fcnden bu yana proje; Ramallah, Filistin ve Kazablanka, Fas\u2019a ve \u015fimdi de \u0130stanbul, T\u00fcrkiye&#8217;ye ta\u015f\u0131nd\u0131.<\/span><span data-ccp-props=\"{}\">\u00a0<\/span><\/p>\n<p><span data-ccp-props=\"{}\">\u00a0<\/span><\/p>\n<blockquote><p><span data-contrast=\"auto\"><em>\u2018\u2019Hepsi farkl\u0131 ya\u015flarda ve farkl\u0131 k\u00fclt\u00fcrel ge\u00e7mi\u015flere sahip olan 115 kad\u0131na ait foto\u011frafik sanat eserlerinin kamusal alanlarda toplanmas\u0131n\u0131 ve sergilenmesini son derece g\u00fc\u00e7l\u00fc bir ifade olarak g\u00f6r\u00fcyorum \u00e7\u00fcnk\u00fc bu eylem asl\u0131nda, \u00e7a\u011fda\u015f sanat\u0131n daha geni\u015f bir izleyici kitlesine ula\u015fmas\u0131n\u0131 sa\u011fl\u0131yor.\u2019\u2019<\/em> Hanne Lise Thomsen, g\u00f6rsel sanat\u00e7\u0131 ve Billboard projesinin kurucusu.<\/span><span data-ccp-props=\"{}\">\u00a0<\/span><\/p><\/blockquote>\n<p><span data-ccp-props=\"{}\">\u00a0<\/span><\/p>\n<p><span data-contrast=\"auto\">\u0130stanbul\u2019un \u015fehir manzaralar\u0131 festival kapsam\u0131nda vatanda\u015flar i\u00e7in fazlas\u0131yla de\u011fi\u015fti. Vatanda\u015flar, yaln\u0131zca yiyecek, k\u0131yafet ya da g\u00fczellik \u00fcr\u00fcn\u00fc sergileyen g\u00fcnl\u00fck reklamlar yerine g\u00fc\u00e7l\u00fc ve dokunakl\u0131 ancak ince motiflere sahip foto\u011frafik sanat eserleriyle de kar\u015f\u0131la\u015fabildiler. Bunlar; cinsiyet, kentsel mekan ve kimlik kavramlar\u0131n\u0131 inceleme aray\u0131\u015f\u0131nda olan motiflerdi.<\/span><span data-ccp-props=\"{}\">\u00a0<\/span><\/p>\n<p><span data-ccp-props=\"{}\">\u00a0<\/span><\/p>\n<p><span data-contrast=\"auto\">Projenin amac\u0131, uluslararas\u0131 koleksiyonun g\u00fcndelik \u015fehir manzaralar\u0131na ula\u015farak, m\u00fcdahale ederek ve bir par\u00e7as\u0131 haline gelerek, hem bireysel izleyiciler hem de toplumlar ve s\u0131n\u0131rlar aras\u0131nda cinsiyet ve e\u015fitlik kavramlar\u0131 \u00fczerine sosyal diyalo\u011fu katalize etmeseydi. Etkinlik, hem Kopenhag hem de \u0130stanbul&#8217;da resmi resepsiyonlarla a\u00e7\u0131ld\u0131.<\/span><span data-ccp-props=\"{}\">\u00a0<\/span><\/p>\n<p><span data-ccp-props=\"{}\">\u00a0<\/span><\/p>\n<p><span data-contrast=\"auto\">Proje; Danimarka Sanat Vakf\u0131 Proje Komitesi, \u0130skandinav K\u00fclt\u00fcr Fonu, DID (\u015eam&#8217;daki Danimarka Enstit\u00fcs\u00fc), <\/span><span data-contrast=\"none\">Grosserer L.F. Foghts Fond, Ernst B. Sund Fonden<\/span><span data-contrast=\"auto\">, Uluslararas\u0131 K\u00fclt\u00fcr Paneli (IKP), Danimarka K\u00fclt\u00fcr Bakanl\u0131\u011f\u0131 (KUM), Danimarka D\u0131\u015fi\u015fleri Bakanl\u0131\u011f\u0131 (UM) ve T\u00fcrkiye&#8217;deki Danimarka B\u00fcy\u00fckel\u00e7ili\u011fi taraf\u0131ndan desteklenmi\u015ftir.<\/span><span data-ccp-props=\"{}\">\u00a0<\/span><\/p>\n<p><span data-ccp-props=\"{}\">\u00a0<\/span><\/p>\n<p><strong>\u0130stanbul&#8217;daki BILLBOARD projesi hakk\u0131nda daha fazla bilgi edinmek ister misiniz?\u00a0<\/strong><\/p>\n<p><span data-contrast=\"auto\">Buradan projeler web sitesini ziyaret edebilirsiniz BILLBOARD ISTANBUL<\/span><span data-ccp-props=\"{}\">\u00a0<\/span><\/p>\n<p><span data-ccp-props=\"{}\">\u00a0<\/span><\/p>\n<p><span data-contrast=\"auto\">(Foto\u011fraf ba\u015fl\u0131\u011f\u0131, Zuhal K\u00f6can)<\/span><span data-ccp-props=\"{}\">\u00a0<\/span><\/p>\n","protected":false},"excerpt":{"rendered":"<p>BILLBOARD \u0130STANBUL &#8211; 115 G\u00d6RSEL SANAT\u00c7I \u0130STANBUL SOKAKLARINDA \u0130Z BIRAKTI\u00a0 6 \u2013 25 Ekim 2020, \u0130stanbul\u00a0 \u00a0 Danimarkal\u0131 g\u00f6rsel sanat\u00e7\u0131 Hanne Lise Thomsen ve T\u00fcrk tasar\u0131m ve ileti\u015fim platformu IN-BETWEEN ile ortakla\u015fa \u00e7al\u0131\u015fan Danimarka K\u00fclt\u00fcr Enstit\u00fcs\u00fc, BILLBOARD ISTANBUL 2020 sokak sanat\u0131 projesini T\u00fcrkiye&#8217;ye ta\u015f\u0131d\u0131. Proje kapsam\u0131nda 115 kad\u0131n sanat\u00e7\u0131n\u0131n; cinsiyet, kentsel mekan ve kimlik kavramlar\u0131na [&hellip;]<\/p>\n","protected":false},"author":12,"featured_media":0,"parent":365,"menu_order":7,"comment_status":"closed","ping_status":"closed","template":"templates\/template-projects.php","meta":{"_acf_changed":false,"footnotes":""},"class_list":["post-383","page","type-page","status-publish","hentry"],"acf":[],"yoast_head":"<!-- This site is optimized with the Yoast SEO plugin v23.9 - https:\/\/yoast.com\/wordpress\/plugins\/seo\/ -->\n<title>BILLBOARD \u0130STANBUL -<\/title>\n<meta name=\"robots\" content=\"index, follow, max-snippet:-1, max-image-preview:large, max-video-preview:-1\" \/>\n<link rel=\"canonical\" href=\"https:\/\/www.danishcultureturkiye.com\/our-projects\/billboard-festival\/\" \/>\n<meta property=\"og:locale\" content=\"tr_TR\" \/>\n<meta property=\"og:type\" content=\"article\" \/>\n<meta property=\"og:title\" content=\"BILLBOARD \u0130STANBUL -\" \/>\n<meta property=\"og:description\" content=\"BILLBOARD \u0130STANBUL &#8211; 115 G\u00d6RSEL SANAT\u00c7I \u0130STANBUL SOKAKLARINDA \u0130Z BIRAKTI\u00a0 6 \u2013 25 Ekim 2020, \u0130stanbul\u00a0 \u00a0 Danimarkal\u0131 g\u00f6rsel sanat\u00e7\u0131 Hanne Lise Thomsen ve T\u00fcrk tasar\u0131m ve ileti\u015fim platformu IN-BETWEEN ile ortakla\u015fa \u00e7al\u0131\u015fan Danimarka K\u00fclt\u00fcr Enstit\u00fcs\u00fc, BILLBOARD ISTANBUL 2020 sokak sanat\u0131 projesini T\u00fcrkiye&#8217;ye ta\u015f\u0131d\u0131. Proje kapsam\u0131nda 115 kad\u0131n sanat\u00e7\u0131n\u0131n; cinsiyet, kentsel mekan ve kimlik kavramlar\u0131na [&hellip;]\" \/>\n<meta property=\"og:url\" content=\"https:\/\/www.danishcultureturkiye.com\/our-projects\/billboard-festival\/\" \/>\n<meta name=\"twitter:card\" content=\"summary_large_image\" \/>\n<meta name=\"twitter:label1\" content=\"Est. reading time\" \/>\n\t<meta name=\"twitter:data1\" content=\"2 dakika\" \/>\n<script type=\"application\/ld+json\" class=\"yoast-schema-graph\">{\"@context\":\"https:\/\/schema.org\",\"@graph\":[{\"@type\":\"WebPage\",\"@id\":\"https:\/\/www.danishcultureturkiye.com\/our-projects\/billboard-festival\/\",\"url\":\"https:\/\/www.danishcultureturkiye.com\/our-projects\/billboard-festival\/\",\"name\":\"BILLBOARD \u0130STANBUL -\",\"isPartOf\":{\"@id\":\"https:\/\/www.danishcultureturkiye.com\/#website\"},\"datePublished\":\"2021-06-16T10:53:28+00:00\",\"dateModified\":\"2021-06-16T10:53:28+00:00\",\"breadcrumb\":{\"@id\":\"https:\/\/www.danishcultureturkiye.com\/our-projects\/billboard-festival\/#breadcrumb\"},\"inLanguage\":\"tr\",\"potentialAction\":[{\"@type\":\"ReadAction\",\"target\":[\"https:\/\/www.danishcultureturkiye.com\/our-projects\/billboard-festival\/\"]}]},{\"@type\":\"BreadcrumbList\",\"@id\":\"https:\/\/www.danishcultureturkiye.com\/our-projects\/billboard-festival\/#breadcrumb\",\"itemListElement\":[{\"@type\":\"ListItem\",\"position\":1,\"name\":\"Home\",\"item\":\"https:\/\/www.danishcultureturkiye.com\/tr\/\"},{\"@type\":\"ListItem\",\"position\":2,\"name\":\"Ge\u00e7mi\u015f projeler\",\"item\":\"https:\/\/www.danishcultureturkiye.com\/our-projects\/\"},{\"@type\":\"ListItem\",\"position\":3,\"name\":\"BILLBOARD \u0130STANBUL\"}]},{\"@type\":\"WebSite\",\"@id\":\"https:\/\/www.danishcultureturkiye.com\/#website\",\"url\":\"https:\/\/www.danishcultureturkiye.com\/\",\"name\":\"\",\"description\":\"We work for sharing knowledge on and sympathy for the values of the Danish society.\",\"potentialAction\":[{\"@type\":\"SearchAction\",\"target\":{\"@type\":\"EntryPoint\",\"urlTemplate\":\"https:\/\/www.danishcultureturkiye.com\/?s={search_term_string}\"},\"query-input\":{\"@type\":\"PropertyValueSpecification\",\"valueRequired\":true,\"valueName\":\"search_term_string\"}}],\"inLanguage\":\"tr\"}]}<\/script>\n<!-- \/ Yoast SEO plugin. -->","yoast_head_json":{"title":"BILLBOARD \u0130STANBUL -","robots":{"index":"index","follow":"follow","max-snippet":"max-snippet:-1","max-image-preview":"max-image-preview:large","max-video-preview":"max-video-preview:-1"},"canonical":"https:\/\/www.danishcultureturkiye.com\/our-projects\/billboard-festival\/","og_locale":"tr_TR","og_type":"article","og_title":"BILLBOARD \u0130STANBUL -","og_description":"BILLBOARD \u0130STANBUL &#8211; 115 G\u00d6RSEL SANAT\u00c7I \u0130STANBUL SOKAKLARINDA \u0130Z BIRAKTI\u00a0 6 \u2013 25 Ekim 2020, \u0130stanbul\u00a0 \u00a0 Danimarkal\u0131 g\u00f6rsel sanat\u00e7\u0131 Hanne Lise Thomsen ve T\u00fcrk tasar\u0131m ve ileti\u015fim platformu IN-BETWEEN ile ortakla\u015fa \u00e7al\u0131\u015fan Danimarka K\u00fclt\u00fcr Enstit\u00fcs\u00fc, BILLBOARD ISTANBUL 2020 sokak sanat\u0131 projesini T\u00fcrkiye&#8217;ye ta\u015f\u0131d\u0131. Proje kapsam\u0131nda 115 kad\u0131n sanat\u00e7\u0131n\u0131n; cinsiyet, kentsel mekan ve kimlik kavramlar\u0131na [&hellip;]","og_url":"https:\/\/www.danishcultureturkiye.com\/our-projects\/billboard-festival\/","twitter_card":"summary_large_image","twitter_misc":{"Est. reading time":"2 dakika"},"schema":{"@context":"https:\/\/schema.org","@graph":[{"@type":"WebPage","@id":"https:\/\/www.danishcultureturkiye.com\/our-projects\/billboard-festival\/","url":"https:\/\/www.danishcultureturkiye.com\/our-projects\/billboard-festival\/","name":"BILLBOARD \u0130STANBUL -","isPartOf":{"@id":"https:\/\/www.danishcultureturkiye.com\/#website"},"datePublished":"2021-06-16T10:53:28+00:00","dateModified":"2021-06-16T10:53:28+00:00","breadcrumb":{"@id":"https:\/\/www.danishcultureturkiye.com\/our-projects\/billboard-festival\/#breadcrumb"},"inLanguage":"tr","potentialAction":[{"@type":"ReadAction","target":["https:\/\/www.danishcultureturkiye.com\/our-projects\/billboard-festival\/"]}]},{"@type":"BreadcrumbList","@id":"https:\/\/www.danishcultureturkiye.com\/our-projects\/billboard-festival\/#breadcrumb","itemListElement":[{"@type":"ListItem","position":1,"name":"Home","item":"https:\/\/www.danishcultureturkiye.com\/tr\/"},{"@type":"ListItem","position":2,"name":"Ge\u00e7mi\u015f projeler","item":"https:\/\/www.danishcultureturkiye.com\/our-projects\/"},{"@type":"ListItem","position":3,"name":"BILLBOARD \u0130STANBUL"}]},{"@type":"WebSite","@id":"https:\/\/www.danishcultureturkiye.com\/#website","url":"https:\/\/www.danishcultureturkiye.com\/","name":"","description":"We work for sharing knowledge on and sympathy for the values of the Danish society.","potentialAction":[{"@type":"SearchAction","target":{"@type":"EntryPoint","urlTemplate":"https:\/\/www.danishcultureturkiye.com\/?s={search_term_string}"},"query-input":{"@type":"PropertyValueSpecification","valueRequired":true,"valueName":"search_term_string"}}],"inLanguage":"tr"}]}},"_links":{"self":[{"href":"https:\/\/www.danishcultureturkiye.com\/tr\/wp-json\/wp\/v2\/pages\/383","targetHints":{"allow":["GET"]}}],"collection":[{"href":"https:\/\/www.danishcultureturkiye.com\/tr\/wp-json\/wp\/v2\/pages"}],"about":[{"href":"https:\/\/www.danishcultureturkiye.com\/tr\/wp-json\/wp\/v2\/types\/page"}],"author":[{"embeddable":true,"href":"https:\/\/www.danishcultureturkiye.com\/tr\/wp-json\/wp\/v2\/users\/12"}],"replies":[{"embeddable":true,"href":"https:\/\/www.danishcultureturkiye.com\/tr\/wp-json\/wp\/v2\/comments?post=383"}],"version-history":[{"count":3,"href":"https:\/\/www.danishcultureturkiye.com\/tr\/wp-json\/wp\/v2\/pages\/383\/revisions"}],"predecessor-version":[{"id":386,"href":"https:\/\/www.danishcultureturkiye.com\/tr\/wp-json\/wp\/v2\/pages\/383\/revisions\/386"}],"up":[{"embeddable":true,"href":"https:\/\/www.danishcultureturkiye.com\/tr\/wp-json\/wp\/v2\/pages\/365"}],"wp:attachment":[{"href":"https:\/\/www.danishcultureturkiye.com\/tr\/wp-json\/wp\/v2\/media?parent=383"}],"curies":[{"name":"wp","href":"https:\/\/api.w.org\/{rel}","templated":true}]}}