{"id":387,"date":"2021-06-16T11:02:25","date_gmt":"2021-06-16T11:02:25","guid":{"rendered":"https:\/\/www.danishcultureturkiye.com\/?page_id=387"},"modified":"2021-06-16T11:02:25","modified_gmt":"2021-06-16T11:02:25","slug":"directed-women-festival","status":"publish","type":"page","link":"https:\/\/www.danishcultureturkiye.com\/tr\/gecmis-projeler\/directed-women-festival\/","title":{"rendered":"DIRECTED BY WOMEN FESTIVAL"},"content":{"rendered":"<p>Danimarka K\u00fclt\u00fcr Enstit\u00fcs\u00fc T\u00fcrkiye, T\u00fcrk film ve televizyon end\u00fcstrisindeki cinsiyet e\u015fitli\u011fi giri\u015fimlerine odaklanan Kad\u0131n Y\u00f6netmenler Festivali ile i\u015f birli\u011fi yap\u0131yor.<\/p>\n<p>&nbsp;<\/p>\n<p>\u201cBirlikte G\u00fc\u00e7l\u00fcy\u00fcz\u201d ba\u015fl\u0131\u011f\u0131 alt\u0131ndaki hedefimiz, kad\u0131n yarat\u0131c\u0131l\u0131\u011f\u0131n\u0131 desteklemek ve Danimarka ile T\u00fcrkiye aras\u0131ndaki k\u00fclt\u00fcrel etkile\u015fimi te\u015fvik etmektir. 8 Mart 2021 D\u00fcnya Kad\u0131nlar G\u00fcn\u00fc ile ili\u015fkili olarak festivalin ilk etkinlikleri, yerel y\u00f6netimlerle i\u015f birli\u011fi i\u00e7erisinde Eski\u015fehir&#8217;de ger\u00e7ekle\u015ftirildi. Gelecek etkinlikler ise bu y\u0131l, Eyl\u00fcl 2021&#8217;de, \u0130stanbul Kad\u0131k\u00f6y&#8217;de ger\u00e7ekle\u015ftirilecek.<\/p>\n<p>&nbsp;<\/p>\n<p>Festivalin ilk b\u00f6l\u00fcm\u00fc; belgeseller, animasyonlar, deneysel ve kurgu film g\u00f6sterimleri gibi her t\u00fcrden k\u0131sa filmlere odakland\u0131. Ayr\u0131ca s\u00f6yle\u015filer, at\u00f6lyeler ve panel tart\u0131\u015fmalar\u0131 da ger\u00e7ekle\u015ftirildi.<\/p>\n<p>&nbsp;<\/p>\n<p>Danimarka K\u00fclt\u00fcr Enstit\u00fcs\u00fc T\u00fcrkiye, Odense Film Festivali ve Danske Filmv\u00e6rksteder i\u015f birli\u011fiyle haz\u0131rlanan Danimarka k\u0131sa film program\u0131n\u0131 sergiledi. Ayr\u0131ca Danimarka K\u00fclt\u00fcr Enstit\u00fcs\u00fc T\u00fcrkiye, \u00fclke y\u00f6neticisi F\u00fcsun Eriksen&#8217;in moderat\u00f6rl\u00fc\u011f\u00fcnde, yetenekli Danimarkal\u0131 kad\u0131n e\u011fitmenler Katrine Brocks, Marianne Lentz, Tone Ottlie ve Sylvia Le Fanu ile \u00e7e\u015fitli s\u00f6yle\u015filere de ev sahipli\u011fi yapt\u0131.<\/p>\n","protected":false},"excerpt":{"rendered":"<p>Danimarka K\u00fclt\u00fcr Enstit\u00fcs\u00fc T\u00fcrkiye, T\u00fcrk film ve televizyon end\u00fcstrisindeki cinsiyet e\u015fitli\u011fi giri\u015fimlerine odaklanan Kad\u0131n Y\u00f6netmenler Festivali ile i\u015f birli\u011fi yap\u0131yor. &nbsp; \u201cBirlikte G\u00fc\u00e7l\u00fcy\u00fcz\u201d ba\u015fl\u0131\u011f\u0131 alt\u0131ndaki hedefimiz, kad\u0131n yarat\u0131c\u0131l\u0131\u011f\u0131n\u0131 desteklemek ve Danimarka ile T\u00fcrkiye aras\u0131ndaki k\u00fclt\u00fcrel etkile\u015fimi te\u015fvik etmektir. 8 Mart 2021 D\u00fcnya Kad\u0131nlar G\u00fcn\u00fc ile ili\u015fkili olarak festivalin ilk etkinlikleri, yerel y\u00f6netimlerle i\u015f birli\u011fi i\u00e7erisinde [&hellip;]<\/p>\n","protected":false},"author":12,"featured_media":0,"parent":365,"menu_order":8,"comment_status":"closed","ping_status":"closed","template":"templates\/template-projects.php","meta":{"_acf_changed":false,"footnotes":""},"class_list":["post-387","page","type-page","status-publish","hentry"],"acf":[],"yoast_head":"<!-- This site is optimized with the Yoast SEO plugin v23.9 - https:\/\/yoast.com\/wordpress\/plugins\/seo\/ -->\n<title>DIRECTED BY WOMEN FESTIVAL -<\/title>\n<meta name=\"robots\" content=\"index, follow, max-snippet:-1, max-image-preview:large, max-video-preview:-1\" \/>\n<link rel=\"canonical\" href=\"https:\/\/www.danishcultureturkiye.com\/our-projects\/directed-women-festival\/\" \/>\n<meta property=\"og:locale\" content=\"tr_TR\" \/>\n<meta property=\"og:type\" content=\"article\" \/>\n<meta property=\"og:title\" content=\"DIRECTED BY WOMEN FESTIVAL -\" \/>\n<meta property=\"og:description\" content=\"Danimarka K\u00fclt\u00fcr Enstit\u00fcs\u00fc T\u00fcrkiye, T\u00fcrk film ve televizyon end\u00fcstrisindeki cinsiyet e\u015fitli\u011fi giri\u015fimlerine odaklanan Kad\u0131n Y\u00f6netmenler Festivali ile i\u015f birli\u011fi yap\u0131yor. &nbsp; \u201cBirlikte G\u00fc\u00e7l\u00fcy\u00fcz\u201d ba\u015fl\u0131\u011f\u0131 alt\u0131ndaki hedefimiz, kad\u0131n yarat\u0131c\u0131l\u0131\u011f\u0131n\u0131 desteklemek ve Danimarka ile T\u00fcrkiye aras\u0131ndaki k\u00fclt\u00fcrel etkile\u015fimi te\u015fvik etmektir. 8 Mart 2021 D\u00fcnya Kad\u0131nlar G\u00fcn\u00fc ile ili\u015fkili olarak festivalin ilk etkinlikleri, yerel y\u00f6netimlerle i\u015f birli\u011fi i\u00e7erisinde [&hellip;]\" \/>\n<meta property=\"og:url\" content=\"https:\/\/www.danishcultureturkiye.com\/our-projects\/directed-women-festival\/\" \/>\n<meta name=\"twitter:card\" content=\"summary_large_image\" \/>\n<meta name=\"twitter:label1\" content=\"Est. reading time\" \/>\n\t<meta name=\"twitter:data1\" content=\"1 dakika\" \/>\n<script type=\"application\/ld+json\" class=\"yoast-schema-graph\">{\"@context\":\"https:\/\/schema.org\",\"@graph\":[{\"@type\":\"WebPage\",\"@id\":\"https:\/\/www.danishcultureturkiye.com\/our-projects\/directed-women-festival\/\",\"url\":\"https:\/\/www.danishcultureturkiye.com\/our-projects\/directed-women-festival\/\",\"name\":\"DIRECTED BY WOMEN FESTIVAL -\",\"isPartOf\":{\"@id\":\"https:\/\/www.danishcultureturkiye.com\/#website\"},\"datePublished\":\"2021-06-16T11:02:25+00:00\",\"dateModified\":\"2021-06-16T11:02:25+00:00\",\"breadcrumb\":{\"@id\":\"https:\/\/www.danishcultureturkiye.com\/our-projects\/directed-women-festival\/#breadcrumb\"},\"inLanguage\":\"tr\",\"potentialAction\":[{\"@type\":\"ReadAction\",\"target\":[\"https:\/\/www.danishcultureturkiye.com\/our-projects\/directed-women-festival\/\"]}]},{\"@type\":\"BreadcrumbList\",\"@id\":\"https:\/\/www.danishcultureturkiye.com\/our-projects\/directed-women-festival\/#breadcrumb\",\"itemListElement\":[{\"@type\":\"ListItem\",\"position\":1,\"name\":\"Home\",\"item\":\"https:\/\/www.danishcultureturkiye.com\/tr\/\"},{\"@type\":\"ListItem\",\"position\":2,\"name\":\"Ge\u00e7mi\u015f projeler\",\"item\":\"https:\/\/www.danishcultureturkiye.com\/our-projects\/\"},{\"@type\":\"ListItem\",\"position\":3,\"name\":\"DIRECTED BY WOMEN FESTIVAL\"}]},{\"@type\":\"WebSite\",\"@id\":\"https:\/\/www.danishcultureturkiye.com\/#website\",\"url\":\"https:\/\/www.danishcultureturkiye.com\/\",\"name\":\"\",\"description\":\"We work for sharing knowledge on and sympathy for the values of the Danish society.\",\"potentialAction\":[{\"@type\":\"SearchAction\",\"target\":{\"@type\":\"EntryPoint\",\"urlTemplate\":\"https:\/\/www.danishcultureturkiye.com\/?s={search_term_string}\"},\"query-input\":{\"@type\":\"PropertyValueSpecification\",\"valueRequired\":true,\"valueName\":\"search_term_string\"}}],\"inLanguage\":\"tr\"}]}<\/script>\n<!-- \/ Yoast SEO plugin. -->","yoast_head_json":{"title":"DIRECTED BY WOMEN FESTIVAL -","robots":{"index":"index","follow":"follow","max-snippet":"max-snippet:-1","max-image-preview":"max-image-preview:large","max-video-preview":"max-video-preview:-1"},"canonical":"https:\/\/www.danishcultureturkiye.com\/our-projects\/directed-women-festival\/","og_locale":"tr_TR","og_type":"article","og_title":"DIRECTED BY WOMEN FESTIVAL -","og_description":"Danimarka K\u00fclt\u00fcr Enstit\u00fcs\u00fc T\u00fcrkiye, T\u00fcrk film ve televizyon end\u00fcstrisindeki cinsiyet e\u015fitli\u011fi giri\u015fimlerine odaklanan Kad\u0131n Y\u00f6netmenler Festivali ile i\u015f birli\u011fi yap\u0131yor. &nbsp; \u201cBirlikte G\u00fc\u00e7l\u00fcy\u00fcz\u201d ba\u015fl\u0131\u011f\u0131 alt\u0131ndaki hedefimiz, kad\u0131n yarat\u0131c\u0131l\u0131\u011f\u0131n\u0131 desteklemek ve Danimarka ile T\u00fcrkiye aras\u0131ndaki k\u00fclt\u00fcrel etkile\u015fimi te\u015fvik etmektir. 8 Mart 2021 D\u00fcnya Kad\u0131nlar G\u00fcn\u00fc ile ili\u015fkili olarak festivalin ilk etkinlikleri, yerel y\u00f6netimlerle i\u015f birli\u011fi i\u00e7erisinde [&hellip;]","og_url":"https:\/\/www.danishcultureturkiye.com\/our-projects\/directed-women-festival\/","twitter_card":"summary_large_image","twitter_misc":{"Est. reading time":"1 dakika"},"schema":{"@context":"https:\/\/schema.org","@graph":[{"@type":"WebPage","@id":"https:\/\/www.danishcultureturkiye.com\/our-projects\/directed-women-festival\/","url":"https:\/\/www.danishcultureturkiye.com\/our-projects\/directed-women-festival\/","name":"DIRECTED BY WOMEN FESTIVAL -","isPartOf":{"@id":"https:\/\/www.danishcultureturkiye.com\/#website"},"datePublished":"2021-06-16T11:02:25+00:00","dateModified":"2021-06-16T11:02:25+00:00","breadcrumb":{"@id":"https:\/\/www.danishcultureturkiye.com\/our-projects\/directed-women-festival\/#breadcrumb"},"inLanguage":"tr","potentialAction":[{"@type":"ReadAction","target":["https:\/\/www.danishcultureturkiye.com\/our-projects\/directed-women-festival\/"]}]},{"@type":"BreadcrumbList","@id":"https:\/\/www.danishcultureturkiye.com\/our-projects\/directed-women-festival\/#breadcrumb","itemListElement":[{"@type":"ListItem","position":1,"name":"Home","item":"https:\/\/www.danishcultureturkiye.com\/tr\/"},{"@type":"ListItem","position":2,"name":"Ge\u00e7mi\u015f projeler","item":"https:\/\/www.danishcultureturkiye.com\/our-projects\/"},{"@type":"ListItem","position":3,"name":"DIRECTED BY WOMEN FESTIVAL"}]},{"@type":"WebSite","@id":"https:\/\/www.danishcultureturkiye.com\/#website","url":"https:\/\/www.danishcultureturkiye.com\/","name":"","description":"We work for sharing knowledge on and sympathy for the values of the Danish society.","potentialAction":[{"@type":"SearchAction","target":{"@type":"EntryPoint","urlTemplate":"https:\/\/www.danishcultureturkiye.com\/?s={search_term_string}"},"query-input":{"@type":"PropertyValueSpecification","valueRequired":true,"valueName":"search_term_string"}}],"inLanguage":"tr"}]}},"_links":{"self":[{"href":"https:\/\/www.danishcultureturkiye.com\/tr\/wp-json\/wp\/v2\/pages\/387","targetHints":{"allow":["GET"]}}],"collection":[{"href":"https:\/\/www.danishcultureturkiye.com\/tr\/wp-json\/wp\/v2\/pages"}],"about":[{"href":"https:\/\/www.danishcultureturkiye.com\/tr\/wp-json\/wp\/v2\/types\/page"}],"author":[{"embeddable":true,"href":"https:\/\/www.danishcultureturkiye.com\/tr\/wp-json\/wp\/v2\/users\/12"}],"replies":[{"embeddable":true,"href":"https:\/\/www.danishcultureturkiye.com\/tr\/wp-json\/wp\/v2\/comments?post=387"}],"version-history":[{"count":1,"href":"https:\/\/www.danishcultureturkiye.com\/tr\/wp-json\/wp\/v2\/pages\/387\/revisions"}],"predecessor-version":[{"id":388,"href":"https:\/\/www.danishcultureturkiye.com\/tr\/wp-json\/wp\/v2\/pages\/387\/revisions\/388"}],"up":[{"embeddable":true,"href":"https:\/\/www.danishcultureturkiye.com\/tr\/wp-json\/wp\/v2\/pages\/365"}],"wp:attachment":[{"href":"https:\/\/www.danishcultureturkiye.com\/tr\/wp-json\/wp\/v2\/media?parent=387"}],"curies":[{"name":"wp","href":"https:\/\/api.w.org\/{rel}","templated":true}]}}